{"id":1273,"date":"2026-01-29T11:22:26","date_gmt":"2026-01-29T11:22:26","guid":{"rendered":"https:\/\/rentcareasy.com\/de\/oesterreich\/klosterneuburg\/"},"modified":"2026-01-29T11:22:26","modified_gmt":"2026-01-29T11:22:26","slug":"klosterneuburg","status":"publish","type":"page","link":"https:\/\/rentcareasy.com\/de\/oesterreich\/klosterneuburg\/","title":{"rendered":"Klosterneuburg"},"content":{"rendered":"","protected":false},"excerpt":{"rendered":"","protected":false},"author":1,"featured_media":0,"parent":110,"menu_order":910,"comment_status":"closed","ping_status":"closed","template":"","meta":{"_acf_changed":false,"footnotes":""},"class_list":["post-1273","page","type-page","status-publish","hentry"],"acf":[],"yoast_head":"<!-- This site is optimized with the Yoast SEO plugin v26.8 - https:\/\/yoast.com\/product\/yoast-seo-wordpress\/ -->\n<title>Beste Autovermietung in Klosterneuburg, \u00d6sterreich im Jahr 2026 | RentCarEasy<\/title>\n<meta name=\"description\" content=\"G\u00fcnstige Mietwagen in Klosterneuburg, \u00d6sterreich im Jahr 2026. Buchen Sie bei Top-Anbietern in Klosterneuburg. Einfache Buchung, kostenlose Stornierung! Online buchen!\" \/>\n<meta name=\"robots\" content=\"index, follow, max-snippet:-1, max-image-preview:large, max-video-preview:-1\" \/>\n<link rel=\"canonical\" href=\"https:\/\/rentcareasy.com\/de\/oesterreich\/klosterneuburg\/\" \/>\n<meta property=\"og:locale\" content=\"de_DE\" \/>\n<meta property=\"og:type\" content=\"article\" \/>\n<meta property=\"og:title\" content=\"Beste Autovermietung in Klosterneuburg, \u00d6sterreich im Jahr 2026 | RentCarEasy\" \/>\n<meta property=\"og:description\" content=\"G\u00fcnstige Mietwagen in Klosterneuburg, \u00d6sterreich im Jahr 2026. Buchen Sie bei Top-Anbietern in Klosterneuburg. Einfache Buchung, kostenlose Stornierung! Online buchen!\" \/>\n<meta property=\"og:url\" content=\"https:\/\/rentcareasy.com\/de\/oesterreich\/klosterneuburg\/\" \/>\n<meta property=\"og:site_name\" content=\"RentCarEasy (DE)\" \/>\n<meta property=\"og:image\" content=\"https:\/\/rentcareasy.com\/de\/wp-content\/uploads\/sites\/2\/2026\/01\/rentcareasy-main-banner.webp\" \/>\n\t<meta property=\"og:image:width\" content=\"850\" \/>\n\t<meta property=\"og:image:height\" content=\"425\" \/>\n\t<meta property=\"og:image:type\" content=\"image\/webp\" \/>\n<meta name=\"twitter:card\" content=\"summary_large_image\" \/>\n<script type=\"application\/ld+json\" class=\"yoast-schema-graph\">{\"@context\":\"https:\/\/schema.org\",\"@graph\":[{\"@type\":\"WebPage\",\"@id\":\"https:\/\/rentcareasy.com\/de\/oesterreich\/klosterneuburg\/\",\"url\":\"https:\/\/rentcareasy.com\/de\/oesterreich\/klosterneuburg\/\",\"name\":\"Beste Autovermietung in Klosterneuburg, \u00d6sterreich im Jahr 2026 | RentCarEasy\",\"isPartOf\":{\"@id\":\"https:\/\/rentcareasy.com\/de\/#website\"},\"datePublished\":\"2026-01-29T11:22:26+00:00\",\"breadcrumb\":{\"@id\":\"https:\/\/rentcareasy.com\/de\/oesterreich\/klosterneuburg\/#breadcrumb\"},\"inLanguage\":\"de\",\"potentialAction\":[{\"@type\":\"ReadAction\",\"target\":[\"https:\/\/rentcareasy.com\/de\/oesterreich\/klosterneuburg\/\"]}],\"description\":\"G\u00fcnstige Mietwagen in Klosterneuburg, \u00d6sterreich im Jahr 2026. Buchen Sie bei Top-Anbietern in Klosterneuburg. Einfache Buchung, kostenlose Stornierung! Online buchen!\"},{\"@type\":\"BreadcrumbList\",\"@id\":\"https:\/\/rentcareasy.com\/de\/oesterreich\/klosterneuburg\/#breadcrumb\",\"itemListElement\":[{\"@type\":\"ListItem\",\"position\":1,\"name\":\"Startseite\",\"item\":\"https:\/\/rentcareasy.com\/de\/\"},{\"@type\":\"ListItem\",\"position\":2,\"name\":\"\u00d6sterreich\",\"item\":\"https:\/\/rentcareasy.com\/de\/oesterreich\/\"},{\"@type\":\"ListItem\",\"position\":3,\"name\":\"Klosterneuburg\"}]},{\"@type\":\"WebSite\",\"@id\":\"https:\/\/rentcareasy.com\/de\/#website\",\"url\":\"https:\/\/rentcareasy.com\/de\/\",\"name\":\"RentCarEasy (DE)\",\"description\":\"Die beste Mietwagen-Vergleichsseite der Welt\",\"publisher\":{\"@id\":\"https:\/\/rentcareasy.com\/de\/#organization\"},\"potentialAction\":[{\"@type\":\"SearchAction\",\"target\":{\"@type\":\"EntryPoint\",\"urlTemplate\":\"https:\/\/rentcareasy.com\/de\/?s={search_term_string}\"},\"query-input\":{\"@type\":\"PropertyValueSpecification\",\"valueRequired\":true,\"valueName\":\"search_term_string\"}}],\"inLanguage\":\"de\"},{\"@type\":\"Organization\",\"@id\":\"https:\/\/rentcareasy.com\/de\/#organization\",\"name\":\"RentCarEasy (DE)\",\"url\":\"https:\/\/rentcareasy.com\/de\/\",\"logo\":{\"@type\":\"ImageObject\",\"inLanguage\":\"de\",\"@id\":\"https:\/\/rentcareasy.com\/de\/#\/schema\/logo\/image\/\",\"url\":\"https:\/\/rentcareasy.com\/de\/wp-content\/uploads\/sites\/2\/2026\/01\/logo.svg\",\"contentUrl\":\"https:\/\/rentcareasy.com\/de\/wp-content\/uploads\/sites\/2\/2026\/01\/logo.svg\",\"caption\":\"RentCarEasy (DE)\"},\"image\":{\"@id\":\"https:\/\/rentcareasy.com\/de\/#\/schema\/logo\/image\/\"}},{\"@type\":\"Product\",\"name\":\"Beste Autovermietung in Klosterneuburg\",\"description\":\"Beste Autovermietung in Klosterneuburg. Finden Sie g\u00fcnstige Mietwagenangebote f\u00fchrender Marken in Klosterneuburg und genie\u00dfen Sie den hervorragenden Service.\",\"review\":{\"@type\":\"Review\",\"reviewRating\":{\"@type\":\"Rating\",\"ratingValue\":4,\"bestRating\":5},\"author\":{\"@type\":\"Author\",\"name\":\"Matteo\"}},\"aggregateRating\":{\"@type\":\"AggregateRating\",\"ratingValue\":4.7,\"reviewCount\":6}}]}<\/script>\n<!-- \/ Yoast SEO plugin. -->","yoast_head_json":{"title":"Beste Autovermietung in Klosterneuburg, \u00d6sterreich im Jahr 2026 | RentCarEasy","description":"G\u00fcnstige Mietwagen in Klosterneuburg, \u00d6sterreich im Jahr 2026. Buchen Sie bei Top-Anbietern in Klosterneuburg. Einfache Buchung, kostenlose Stornierung! Online buchen!","robots":{"index":"index","follow":"follow","max-snippet":"max-snippet:-1","max-image-preview":"max-image-preview:large","max-video-preview":"max-video-preview:-1"},"canonical":"https:\/\/rentcareasy.com\/de\/oesterreich\/klosterneuburg\/","og_locale":"de_DE","og_type":"article","og_title":"Beste Autovermietung in Klosterneuburg, \u00d6sterreich im Jahr 2026 | RentCarEasy","og_description":"G\u00fcnstige Mietwagen in Klosterneuburg, \u00d6sterreich im Jahr 2026. Buchen Sie bei Top-Anbietern in Klosterneuburg. Einfache Buchung, kostenlose Stornierung! Online buchen!","og_url":"https:\/\/rentcareasy.com\/de\/oesterreich\/klosterneuburg\/","og_site_name":"RentCarEasy (DE)","og_image":[{"width":850,"height":425,"url":"https:\/\/rentcareasy.com\/de\/wp-content\/uploads\/sites\/2\/2026\/01\/rentcareasy-main-banner.webp","type":"image\/webp"}],"twitter_card":"summary_large_image","schema":{"@context":"https:\/\/schema.org","@graph":[{"@type":"WebPage","@id":"https:\/\/rentcareasy.com\/de\/oesterreich\/klosterneuburg\/","url":"https:\/\/rentcareasy.com\/de\/oesterreich\/klosterneuburg\/","name":"Beste Autovermietung in Klosterneuburg, \u00d6sterreich im Jahr 2026 | RentCarEasy","isPartOf":{"@id":"https:\/\/rentcareasy.com\/de\/#website"},"datePublished":"2026-01-29T11:22:26+00:00","breadcrumb":{"@id":"https:\/\/rentcareasy.com\/de\/oesterreich\/klosterneuburg\/#breadcrumb"},"inLanguage":"de","potentialAction":[{"@type":"ReadAction","target":["https:\/\/rentcareasy.com\/de\/oesterreich\/klosterneuburg\/"]}],"description":"G\u00fcnstige Mietwagen in Klosterneuburg, \u00d6sterreich im Jahr 2026. Buchen Sie bei Top-Anbietern in Klosterneuburg. Einfache Buchung, kostenlose Stornierung! Online buchen!"},{"@type":"BreadcrumbList","@id":"https:\/\/rentcareasy.com\/de\/oesterreich\/klosterneuburg\/#breadcrumb","itemListElement":[{"@type":"ListItem","position":1,"name":"Startseite","item":"https:\/\/rentcareasy.com\/de\/"},{"@type":"ListItem","position":2,"name":"\u00d6sterreich","item":"https:\/\/rentcareasy.com\/de\/oesterreich\/"},{"@type":"ListItem","position":3,"name":"Klosterneuburg"}]},{"@type":"WebSite","@id":"https:\/\/rentcareasy.com\/de\/#website","url":"https:\/\/rentcareasy.com\/de\/","name":"RentCarEasy (DE)","description":"Die beste Mietwagen-Vergleichsseite der Welt","publisher":{"@id":"https:\/\/rentcareasy.com\/de\/#organization"},"potentialAction":[{"@type":"SearchAction","target":{"@type":"EntryPoint","urlTemplate":"https:\/\/rentcareasy.com\/de\/?s={search_term_string}"},"query-input":{"@type":"PropertyValueSpecification","valueRequired":true,"valueName":"search_term_string"}}],"inLanguage":"de"},{"@type":"Organization","@id":"https:\/\/rentcareasy.com\/de\/#organization","name":"RentCarEasy (DE)","url":"https:\/\/rentcareasy.com\/de\/","logo":{"@type":"ImageObject","inLanguage":"de","@id":"https:\/\/rentcareasy.com\/de\/#\/schema\/logo\/image\/","url":"https:\/\/rentcareasy.com\/de\/wp-content\/uploads\/sites\/2\/2026\/01\/logo.svg","contentUrl":"https:\/\/rentcareasy.com\/de\/wp-content\/uploads\/sites\/2\/2026\/01\/logo.svg","caption":"RentCarEasy (DE)"},"image":{"@id":"https:\/\/rentcareasy.com\/de\/#\/schema\/logo\/image\/"}},{"@type":"Product","name":"Beste Autovermietung in Klosterneuburg","description":"Beste Autovermietung in Klosterneuburg. Finden Sie g\u00fcnstige Mietwagenangebote f\u00fchrender Marken in Klosterneuburg und genie\u00dfen Sie den hervorragenden Service.","review":{"@type":"Review","reviewRating":{"@type":"Rating","ratingValue":4,"bestRating":5},"author":{"@type":"Author","name":"Matteo"}},"aggregateRating":{"@type":"AggregateRating","ratingValue":4.7,"reviewCount":6}}]}},"_links":{"self":[{"href":"https:\/\/rentcareasy.com\/de\/wp-json\/wp\/v2\/pages\/1273","targetHints":{"allow":["GET"]}}],"collection":[{"href":"https:\/\/rentcareasy.com\/de\/wp-json\/wp\/v2\/pages"}],"about":[{"href":"https:\/\/rentcareasy.com\/de\/wp-json\/wp\/v2\/types\/page"}],"author":[{"embeddable":true,"href":"https:\/\/rentcareasy.com\/de\/wp-json\/wp\/v2\/users\/1"}],"replies":[{"embeddable":true,"href":"https:\/\/rentcareasy.com\/de\/wp-json\/wp\/v2\/comments?post=1273"}],"version-history":[{"count":0,"href":"https:\/\/rentcareasy.com\/de\/wp-json\/wp\/v2\/pages\/1273\/revisions"}],"up":[{"embeddable":true,"href":"https:\/\/rentcareasy.com\/de\/wp-json\/wp\/v2\/pages\/110"}],"wp:attachment":[{"href":"https:\/\/rentcareasy.com\/de\/wp-json\/wp\/v2\/media?parent=1273"}],"curies":[{"name":"wp","href":"https:\/\/api.w.org\/{rel}","templated":true}]}}