{"id":135,"date":"2026-01-27T12:03:35","date_gmt":"2026-01-27T12:03:35","guid":{"rendered":"https:\/\/rentcareasy.com\/de\/georgien\/"},"modified":"2026-01-27T12:03:35","modified_gmt":"2026-01-27T12:03:35","slug":"georgien","status":"publish","type":"page","link":"https:\/\/rentcareasy.com\/de\/georgien\/","title":{"rendered":"Georgien"},"content":{"rendered":"","protected":false},"excerpt":{"rendered":"","protected":false},"author":1,"featured_media":0,"parent":0,"menu_order":0,"comment_status":"closed","ping_status":"closed","template":"","meta":{"_acf_changed":false,"footnotes":""},"class_list":["post-135","page","type-page","status-publish","hentry"],"acf":[],"yoast_head":"<!-- This site is optimized with the Yoast SEO plugin v26.8 - https:\/\/yoast.com\/product\/yoast-seo-wordpress\/ -->\n<title>Mietwagen in Georgien | Beste Preise &amp; KOSTENLOSE Stornierung<\/title>\n<meta name=\"description\" content=\"Mietwagen in Georgien 2026: Buchen Sie bei Top-Anbietern in fast jeder Stadt zum Bestpreis. Einfache Buchung &amp; KOSTENLOSE Stornierung!\" \/>\n<meta name=\"robots\" content=\"index, follow, max-snippet:-1, max-image-preview:large, max-video-preview:-1\" \/>\n<link rel=\"canonical\" href=\"https:\/\/rentcareasy.com\/de\/georgien\/\" \/>\n<meta property=\"og:locale\" content=\"de_DE\" \/>\n<meta property=\"og:type\" content=\"article\" \/>\n<meta property=\"og:title\" content=\"Mietwagen in Georgien | Beste Preise &amp; KOSTENLOSE Stornierung\" \/>\n<meta property=\"og:description\" content=\"Mietwagen in Georgien 2026: Buchen Sie bei Top-Anbietern in fast jeder Stadt zum Bestpreis. Einfache Buchung &amp; KOSTENLOSE Stornierung!\" \/>\n<meta property=\"og:url\" content=\"https:\/\/rentcareasy.com\/de\/georgien\/\" \/>\n<meta property=\"og:site_name\" content=\"RentCarEasy (DE)\" \/>\n<meta property=\"og:image\" content=\"https:\/\/rentcareasy.com\/de\/wp-content\/uploads\/sites\/2\/2026\/01\/rentcareasy-main-banner.webp\" \/>\n\t<meta property=\"og:image:width\" content=\"850\" \/>\n\t<meta property=\"og:image:height\" content=\"425\" \/>\n\t<meta property=\"og:image:type\" content=\"image\/webp\" \/>\n<meta name=\"twitter:card\" content=\"summary_large_image\" \/>\n<script type=\"application\/ld+json\" class=\"yoast-schema-graph\">{\"@context\":\"https:\/\/schema.org\",\"@graph\":[{\"@type\":\"WebPage\",\"@id\":\"https:\/\/rentcareasy.com\/de\/georgien\/\",\"url\":\"https:\/\/rentcareasy.com\/de\/georgien\/\",\"name\":\"Mietwagen in Georgien | Beste Preise & KOSTENLOSE Stornierung\",\"isPartOf\":{\"@id\":\"https:\/\/rentcareasy.com\/de\/#website\"},\"datePublished\":\"2026-01-27T12:03:35+00:00\",\"breadcrumb\":{\"@id\":\"https:\/\/rentcareasy.com\/de\/georgien\/#breadcrumb\"},\"inLanguage\":\"de\",\"potentialAction\":[{\"@type\":\"ReadAction\",\"target\":[\"https:\/\/rentcareasy.com\/de\/georgien\/\"]}],\"description\":\"Mietwagen in Georgien 2026: Buchen Sie bei Top-Anbietern in fast jeder Stadt zum Bestpreis. Einfache Buchung & KOSTENLOSE Stornierung!\"},{\"@type\":\"BreadcrumbList\",\"@id\":\"https:\/\/rentcareasy.com\/de\/georgien\/#breadcrumb\",\"itemListElement\":[{\"@type\":\"ListItem\",\"position\":1,\"name\":\"Startseite\",\"item\":\"https:\/\/rentcareasy.com\/de\/\"},{\"@type\":\"ListItem\",\"position\":2,\"name\":\"Georgien\"}]},{\"@type\":\"WebSite\",\"@id\":\"https:\/\/rentcareasy.com\/de\/#website\",\"url\":\"https:\/\/rentcareasy.com\/de\/\",\"name\":\"RentCarEasy (DE)\",\"description\":\"Die beste Mietwagen-Vergleichsseite der Welt\",\"publisher\":{\"@id\":\"https:\/\/rentcareasy.com\/de\/#organization\"},\"potentialAction\":[{\"@type\":\"SearchAction\",\"target\":{\"@type\":\"EntryPoint\",\"urlTemplate\":\"https:\/\/rentcareasy.com\/de\/?s={search_term_string}\"},\"query-input\":{\"@type\":\"PropertyValueSpecification\",\"valueRequired\":true,\"valueName\":\"search_term_string\"}}],\"inLanguage\":\"de\"},{\"@type\":\"Organization\",\"@id\":\"https:\/\/rentcareasy.com\/de\/#organization\",\"name\":\"RentCarEasy (DE)\",\"url\":\"https:\/\/rentcareasy.com\/de\/\",\"logo\":{\"@type\":\"ImageObject\",\"inLanguage\":\"de\",\"@id\":\"https:\/\/rentcareasy.com\/de\/#\/schema\/logo\/image\/\",\"url\":\"https:\/\/rentcareasy.com\/de\/wp-content\/uploads\/sites\/2\/2026\/01\/logo.svg\",\"contentUrl\":\"https:\/\/rentcareasy.com\/de\/wp-content\/uploads\/sites\/2\/2026\/01\/logo.svg\",\"caption\":\"RentCarEasy (DE)\"},\"image\":{\"@id\":\"https:\/\/rentcareasy.com\/de\/#\/schema\/logo\/image\/\"}},{\"@type\":\"Product\",\"name\":\"Beste Autovermietung in Georgien\",\"description\":\"Beste Autovermietung in Georgien. Finden Sie g\u00fcnstige Mietwagenangebote f\u00fchrender Marken in Georgien und genie\u00dfen Sie den hervorragenden Service.\",\"review\":{\"@type\":\"Review\",\"reviewRating\":{\"@type\":\"Rating\",\"ratingValue\":4,\"bestRating\":5},\"author\":{\"@type\":\"Author\",\"name\":\"Matteo\"}},\"aggregateRating\":{\"@type\":\"AggregateRating\",\"ratingValue\":4.7,\"reviewCount\":8}}]}<\/script>\n<!-- \/ Yoast SEO plugin. -->","yoast_head_json":{"title":"Mietwagen in Georgien | Beste Preise & KOSTENLOSE Stornierung","description":"Mietwagen in Georgien 2026: Buchen Sie bei Top-Anbietern in fast jeder Stadt zum Bestpreis. Einfache Buchung & KOSTENLOSE Stornierung!","robots":{"index":"index","follow":"follow","max-snippet":"max-snippet:-1","max-image-preview":"max-image-preview:large","max-video-preview":"max-video-preview:-1"},"canonical":"https:\/\/rentcareasy.com\/de\/georgien\/","og_locale":"de_DE","og_type":"article","og_title":"Mietwagen in Georgien | Beste Preise & KOSTENLOSE Stornierung","og_description":"Mietwagen in Georgien 2026: Buchen Sie bei Top-Anbietern in fast jeder Stadt zum Bestpreis. Einfache Buchung & KOSTENLOSE Stornierung!","og_url":"https:\/\/rentcareasy.com\/de\/georgien\/","og_site_name":"RentCarEasy (DE)","og_image":[{"width":850,"height":425,"url":"https:\/\/rentcareasy.com\/de\/wp-content\/uploads\/sites\/2\/2026\/01\/rentcareasy-main-banner.webp","type":"image\/webp"}],"twitter_card":"summary_large_image","schema":{"@context":"https:\/\/schema.org","@graph":[{"@type":"WebPage","@id":"https:\/\/rentcareasy.com\/de\/georgien\/","url":"https:\/\/rentcareasy.com\/de\/georgien\/","name":"Mietwagen in Georgien | Beste Preise & KOSTENLOSE Stornierung","isPartOf":{"@id":"https:\/\/rentcareasy.com\/de\/#website"},"datePublished":"2026-01-27T12:03:35+00:00","breadcrumb":{"@id":"https:\/\/rentcareasy.com\/de\/georgien\/#breadcrumb"},"inLanguage":"de","potentialAction":[{"@type":"ReadAction","target":["https:\/\/rentcareasy.com\/de\/georgien\/"]}],"description":"Mietwagen in Georgien 2026: Buchen Sie bei Top-Anbietern in fast jeder Stadt zum Bestpreis. Einfache Buchung & KOSTENLOSE Stornierung!"},{"@type":"BreadcrumbList","@id":"https:\/\/rentcareasy.com\/de\/georgien\/#breadcrumb","itemListElement":[{"@type":"ListItem","position":1,"name":"Startseite","item":"https:\/\/rentcareasy.com\/de\/"},{"@type":"ListItem","position":2,"name":"Georgien"}]},{"@type":"WebSite","@id":"https:\/\/rentcareasy.com\/de\/#website","url":"https:\/\/rentcareasy.com\/de\/","name":"RentCarEasy (DE)","description":"Die beste Mietwagen-Vergleichsseite der Welt","publisher":{"@id":"https:\/\/rentcareasy.com\/de\/#organization"},"potentialAction":[{"@type":"SearchAction","target":{"@type":"EntryPoint","urlTemplate":"https:\/\/rentcareasy.com\/de\/?s={search_term_string}"},"query-input":{"@type":"PropertyValueSpecification","valueRequired":true,"valueName":"search_term_string"}}],"inLanguage":"de"},{"@type":"Organization","@id":"https:\/\/rentcareasy.com\/de\/#organization","name":"RentCarEasy (DE)","url":"https:\/\/rentcareasy.com\/de\/","logo":{"@type":"ImageObject","inLanguage":"de","@id":"https:\/\/rentcareasy.com\/de\/#\/schema\/logo\/image\/","url":"https:\/\/rentcareasy.com\/de\/wp-content\/uploads\/sites\/2\/2026\/01\/logo.svg","contentUrl":"https:\/\/rentcareasy.com\/de\/wp-content\/uploads\/sites\/2\/2026\/01\/logo.svg","caption":"RentCarEasy (DE)"},"image":{"@id":"https:\/\/rentcareasy.com\/de\/#\/schema\/logo\/image\/"}},{"@type":"Product","name":"Beste Autovermietung in Georgien","description":"Beste Autovermietung in Georgien. Finden Sie g\u00fcnstige Mietwagenangebote f\u00fchrender Marken in Georgien und genie\u00dfen Sie den hervorragenden Service.","review":{"@type":"Review","reviewRating":{"@type":"Rating","ratingValue":4,"bestRating":5},"author":{"@type":"Author","name":"Matteo"}},"aggregateRating":{"@type":"AggregateRating","ratingValue":4.7,"reviewCount":8}}]}},"_links":{"self":[{"href":"https:\/\/rentcareasy.com\/de\/wp-json\/wp\/v2\/pages\/135","targetHints":{"allow":["GET"]}}],"collection":[{"href":"https:\/\/rentcareasy.com\/de\/wp-json\/wp\/v2\/pages"}],"about":[{"href":"https:\/\/rentcareasy.com\/de\/wp-json\/wp\/v2\/types\/page"}],"author":[{"embeddable":true,"href":"https:\/\/rentcareasy.com\/de\/wp-json\/wp\/v2\/users\/1"}],"replies":[{"embeddable":true,"href":"https:\/\/rentcareasy.com\/de\/wp-json\/wp\/v2\/comments?post=135"}],"version-history":[{"count":0,"href":"https:\/\/rentcareasy.com\/de\/wp-json\/wp\/v2\/pages\/135\/revisions"}],"wp:attachment":[{"href":"https:\/\/rentcareasy.com\/de\/wp-json\/wp\/v2\/media?parent=135"}],"curies":[{"name":"wp","href":"https:\/\/api.w.org\/{rel}","templated":true}]}}