{"id":2,"date":"2025-04-11T09:11:11","date_gmt":"2025-04-11T09:11:11","guid":{"rendered":"https:\/\/rentcareasy.com\/es\/?page_id=2"},"modified":"2026-01-27T12:08:31","modified_gmt":"2026-01-27T12:08:31","slug":"sample-page","status":"publish","type":"page","link":"https:\/\/rentcareasy.com\/es\/","title":{"rendered":""},"content":{"rendered":"\n<h2 class=\"wp-block-heading\">Alquiler de coches baratos<\/h2>\n\n\n\n<p>Si viaja por el mundo y necesita un <strong>alquiler coche<\/strong> c\u00f3modo y fiable, es importante conocer las opciones asequibles en diferentes pa\u00edses, ciudades y regiones. <a href=\"https:\/\/rentcareasy.com\/es\/\" target=\"_blank\" rel=\"noreferrer noopener\">RentCarEasy<\/a> ofrece una oportunidad \u00fanica para comparar millones de ofertas de varios proveedores de <strong>alquiler de coches baratos<\/strong> a nivel mundial, ayud\u00e1ndole a seleccionar la mejor opci\u00f3n de alquiler para su viaje. Puede viajar a su conveniencia, explorar lugares inesperados y crear experiencias impagables en un pa\u00eds con un <strong>alquiler de coche barato<\/strong> adaptado a sus necesidades o un <strong>alquiler coche cerca de mi<\/strong> cuando lo necesite.<\/p>\n\n\n\n<p>Antes de su viaje, aseg\u00farese de comprender toda la informaci\u00f3n clave sobre <strong>el alquiler de coches<\/strong>. Este conocimiento le garantizar\u00e1 una experiencia fluida y sin complicaciones de principio a fin. \u00a1Prepar\u00e9monos para un viaje incre\u00edble por la carretera abierta! \ud83d\ude97<\/p>\n\n\n\n<h2 class=\"wp-block-heading\">Los mejores servicios de alquiler de coches en todo el mundo \ud83c\udf0d<\/h2>\n\n\n\n<p>Utilice nuestro sitio web RentCarEasy para encontrar <strong>los mejores servicios de alquiler de coches<\/strong> en todo el mundo. Las mejores ofertas de alquiler de coches en diferentes pa\u00edses tienen estas caracter\u00edsticas en com\u00fan:<\/p>\n\n\n\n<ul class=\"wp-block-list\">\n<li>\ud83d\ude97 Una amplia selecci\u00f3n de veh\u00edculos para satisfacer las diversas necesidades de los clientes.<\/li>\n\n\n\n<li>\ud83d\udcb0 Precios transparentes y competitivos sin cargos ocultos.<\/li>\n\n\n\n<li>\ud83d\udd52 Opciones flexibles para <strong>alquiler de coches baratos<\/strong> a corto o largo plazo y complementos como GPS, asientos para coche y seguros de <strong>alquiler coche sin franquicia<\/strong> o coberturas completas.<\/li>\n\n\n\n<li>\ud83d\udccd Ubicaciones c\u00f3modas y horarios flexibles para recoger y devolver los veh\u00edculos.<\/li>\n\n\n\n<li>\ud83d\udd27 Veh\u00edculos fiables y en buen estado que dan prioridad a la seguridad.<\/li>\n\n\n\n<li>\ud83d\udcde Servicio de atenci\u00f3n al cliente receptivo con asistencia de emergencia 24\/7.<\/li>\n<\/ul>\n\n\n\n<h2 class=\"wp-block-heading\">Por qu\u00e9 elegir nuestra web de alquiler de coches RentCarEasy? \u2728<\/h2>\n\n\n\n<p>Hay muchas razones para elegir <strong>RentCarEasy.com<\/strong> para sus necesidades de alquiler de coches:<\/p>\n\n\n\n<ul class=\"wp-block-list\">\n<li>\ud83c\udf0d Compara millones de ofertas en nuestro <strong>comparador alquiler coches<\/strong> y <strong>comparador coches alquiler<\/strong> para encontrar el mejor precio y coche para tu viaje.<\/li>\n\n\n\n<li>\ud83d\ude97 Accede a veh\u00edculos de alta calidad adaptados a un amplio abanico de necesidades.<\/li>\n\n\n\n<li>\ud83d\udcb5 Disfruta de los <strong>mejores precios de alquiler coches baratos<\/strong> desde $10 al d\u00eda para sacar el m\u00e1ximo partido a tu dinero.<\/li>\n\n\n\n<li>\ud83d\udd04 Servicios de cancelaci\u00f3n y modificaci\u00f3n gratuitos para reservas flexibles.<\/li>\n\n\n\n<li>\ud83d\udd12 Un sistema de reservas en l\u00ednea seguro para proteger tus datos personales y de pago.<\/li>\n\n\n\n<li>\ud83e\udd1d Atenci\u00f3n al cliente 24 horas al d\u00eda, 7 d\u00edas a la semana, para cualquier duda o consulta.<\/li>\n\n\n\n<li>\ud83d\udd0d P\u00e1gina web f\u00e1cil de usar que simplifica el proceso de b\u00fasqueda, ahorr\u00e1ndote tiempo.<\/li>\n<\/ul>\n\n\n\n<h2 class=\"wp-block-heading\">C\u00f3mo alquilar un coche con RentCarEasy en 2026? \ud83d\udcdd<\/h2>\n\n\n\n<p><strong>Alquilar un coche es m\u00e1s f\u00e1cil<\/strong> que nunca con RentCarEasy. Sigue estos pasos para encontrar la mejor oferta:<\/p>\n\n\n\n<h3 class=\"wp-block-heading\">Selecciona tu destino y fechas<\/h3>\n\n\n\n<p>Introduce tu destino y fechas de recogida\/devoluci\u00f3n en el cuadro de b\u00fasqueda de nuestro <strong>buscador alquiler coches<\/strong> del formulario de nuestra web.<\/p>\n\n\n\n<h3 class=\"wp-block-heading\">Busque un <strong>coche de alquiler<\/strong> o <strong>coches de alquiler baratos<\/strong> en diferentes pa\u00edses<\/h3>\n\n\n\n<p>Nuestro sencillo y potente cuadro de b\u00fasqueda le permite buscar coches de alquiler en diferentes pa\u00edses. S\u00f3lo tiene que introducir el lugar de recogida que necesita, seleccionar las fechas y horas de recogida y devoluci\u00f3n deseadas y dejar que la b\u00fasqueda haga su magia.<\/p>\n\n\n\n<h3 class=\"wp-block-heading\">Encuentre las mejores empresas de alquiler de coches en diferentes pa\u00edses<\/h3>\n\n\n\n<p>No hay mejor opci\u00f3n para encontrar la mejor oferta que en RentCarEasy. Nuestra p\u00e1gina web, el mejor <strong>comparador de alquiler de coches<\/strong>, compara las ofertas de varias marcas conocidas y mejor valoradas y, en cuesti\u00f3n de segundos, encuentra toda la gama de ofertas que puede ordenar por precio, veh\u00edculo, atributos, condiciones de alquiler y precio total. Encontrar\u00e1 la mejor oferta de alquiler de coches con la ayuda de RentCarEasy.com.<\/p>\n\n\n\n<h3 class=\"wp-block-heading\">Confirme su reserva<\/h3>\n\n\n\n<p>Una vez que encuentre la mejor opci\u00f3n, confirme su reserva. Toda la informaci\u00f3n es segura, y todos los socios son de confianza.<\/p>\n\n\n\n<h3 class=\"wp-block-heading\">Revisi\u00f3n de su reserva<\/h3>\n\n\n\n<p>Nuestro equipo especializado o socios de confianza revisar\u00e1n su reserva para asegurarse de que todo est\u00e1 en orden para una experiencia sin problemas.<\/p>\n\n\n\n<h3 class=\"wp-block-heading\">Recogida del veh\u00edculo<\/h3>\n\n\n\n<p>Lleve su carn\u00e9 de conducir, documento de identidad y los datos de la reserva al lugar de recogida el d\u00eda de su alquiler.<\/p>\n\n\n\n<h3 class=\"wp-block-heading\">Devoluci\u00f3n del veh\u00edculo<\/h3>\n\n\n\n<p>Devuelva el veh\u00edculo en el punto de entrega designado al final de su per\u00edodo de alquiler. El cliente es responsable de cualquier cargo adicional.<\/p>\n\n\n\n<p>Si necesita <strong>volver a alquilar un coche<\/strong>, entre en RentCarEasy y b\u00fasquelo all\u00ed. No se pierda las ofertas m\u00e1s fant\u00e1sticas y los costes m\u00e1s bajos.<\/p>\n\n\n\n<h2 class=\"wp-block-heading\">Tipos de alquiler de coches \ud83d\ude97<\/h2>\n\n\n\n<p>En RentCarEasy encontrar\u00e1 una amplia variedad de opciones para adaptarse a cada viaje y presupuesto. Desde <strong>coches de alquiler baratos<\/strong> ideales para escapadas cortas, hasta modelos de lujo para ocasiones especiales, pasando por SUVs para aventuras en carretera y berlinas familiares para viajes m\u00e1s c\u00f3modos. Gracias a nuestro <strong>comparador coches alquiler<\/strong>, podr\u00e1 filtrar por tipo de veh\u00edculo, precio, condiciones y ubicaci\u00f3n, asegur\u00e1ndose de encontrar el <strong>alquiler coche barato<\/strong> que mejor se ajuste a sus necesidades.<\/p>\n\n\n\n<h3 class=\"wp-block-heading has-text-align-center\">\u00a1Las mejores ofertas de alquiler de coches baratos, garantizadas!<\/h3>\n\n\n\n<p><\/p>\n\n\n\n<h2 class=\"wp-block-heading\">Alquiler de coches baratos \ud83d\udcb8<\/h2>\n\n\n\n<p>\u00bfBusca <strong>coches de alquiler baratos<\/strong> o un <strong>alquiler coche barato<\/strong>? RentCarEasy le facilita la comparaci\u00f3n de costes y la b\u00fasqueda de las mejores ofertas. Garantizamos los precios m\u00e1s bajos desde $10 al d\u00eda para que pueda ahorrar dinero mientras viaja.<\/p>\n\n\n\n<h3 class=\"wp-block-heading\">Consejos para alquilar un coche<\/h3>\n\n\n\n<p>Aqu\u00ed tienes <strong>algunos consejos para conseguir<\/strong> las mejores ofertas de alquiler de coches:<\/p>\n\n\n\n<ul class=\"wp-block-list\">\n<li>\ud83d\udcc5 Reserva con antelaci\u00f3n para evitar aumentos de precio cuando se acerque la fecha de alquiler.<\/li>\n\n\n\n<li>\ud83d\udd0d Utiliza RentCarEasy.com para comparar precios de varias compa\u00f1\u00edas.<\/li>\n\n\n\n<li>\ud83d\ude97 Opta por coches compactos o econ\u00f3micos, que suelen ser m\u00e1s baratos.<\/li>\n\n\n\n<li>\ud83d\udcc6 Considera periodos de alquiler m\u00e1s largos, ya que a veces pueden ser m\u00e1s rentables.<\/li>\n\n\n\n<li>\ud83d\udeec Evita los alquileres en aeropuertos, que suelen tener tasas m\u00e1s elevadas.<\/li>\n\n\n\n<li>\ud83d\udcdd Lee detenidamente el contrato de alquiler para conocer todos los costes.<\/li>\n<\/ul>\n\n\n\n<p>Estos consejos y sugerencias te ayudar\u00e1n a localizar <strong>los servicios de alquiler de coches m\u00e1s baratos<\/strong> en distintos pa\u00edses y ciudades. No esperes m\u00e1s: \u00a1sum\u00e9rgete en nuestro <strong>comparador alquiler coches<\/strong> y encuentra el <strong>alquiler de coche barato<\/strong> que buscas en todo el mundo!<\/p>\n\n\n\n<h3 class=\"wp-block-heading has-text-align-center\">\u00a1Usa nuestro comparador de alquiler de coches y consigue tu alquiler coche barato hoy!<\/h3>\n\n\n\n<h2 class=\"wp-block-heading\">Las mejores empresas de alquiler de coches del mundo \ud83d\ude99<\/h2>\n\n\n\n<p>Algunas <strong>compa\u00f1\u00edas de alquiler de coches<\/strong> y <strong>empresas de alquiler de coches<\/strong> populares a nivel mundial son:<\/p>\n\n\n\n<ul class=\"wp-block-list\">\n<li>Avis<\/li>\n\n\n\n<li>Hertz<\/li>\n\n\n\n<li>Europcar<\/li>\n\n\n\n<li>National Car Rental<\/li>\n\n\n\n<li>Budget Rent-a-Car<\/li>\n\n\n\n<li>Firefly<\/li>\n\n\n\n<li>Enterprise<\/li>\n\n\n\n<li>Alamo<\/li>\n\n\n\n<li>Centauro<\/li>\n\n\n\n<li>Thrifty<\/li>\n\n\n\n<li>Sixt<\/li>\n\n\n\n<li>Dollar<\/li>\n\n\n\n<li>Goldcar<\/li>\n<\/ul>\n\n\n\n<h3 class=\"wp-block-heading\">C\u00f3mo elegir la mejor compa\u00f1\u00eda de alquiler de coches \ud83c\udfc6<\/h3>\n\n\n\n<p>A la hora de alquilar un veh\u00edculo, contar con las mejores <strong>compa\u00f1\u00edas de alquiler de coches<\/strong> es clave para garantizar calidad y confianza. En nuestro <strong>comparador coches<\/strong> reunimos ofertas de marcas reconocidas, lo que le permite comparar f\u00e1cilmente precios, condiciones y valoraciones de clientes.<\/p>\n\n\n\n<p>Adem\u00e1s, nuestro <strong>alquiler de coches comparador<\/strong> le mostrar\u00e1 las opciones m\u00e1s competitivas tanto en <strong>coches de alquiler baratos<\/strong> como en modelos premium, para que siempre encuentre el equilibrio perfecto entre precio y servicio.<\/p>\n\n\n\n<p>\ud83d\udd0d En la web de RentCarEasy, <strong>puede comparar las ofertas de todas estas empresas de alquiler de coches<\/strong> sin visitar cada sitio por separado. Si\u00e9ntese, rel\u00e1jese y busque la mejor oferta a su conveniencia.<\/p>\n\n\n\n<h2 class=\"wp-block-heading\">Encuentra tu alquiler coche cerca de mi \ud83d\udccd<\/h2>\n\n\n\n<p>Si necesita un veh\u00edculo de forma r\u00e1pida, utilice nuestro <strong>buscador coches alquiler<\/strong> para localizar un <strong>alquiler coche cerca de mi<\/strong> en cualquier ciudad o aeropuerto. Con nuestra herramienta, podr\u00e1 ver disponibilidad en tiempo real y reservar en pocos minutos, eligiendo entre <strong>coches alquiler baratos<\/strong> o modelos de gama alta seg\u00fan sus preferencias.<\/p>\n\n\n\n<h2 class=\"wp-block-heading\">Alquile un coche con confianza<\/h2>\n\n\n\n<p>El proceso de <a href=\"https:\/\/es.wikipedia.org\/wiki\/Alquiler_de_autom%C3%B3viles\" target=\"_blank\" rel=\"noreferrer noopener nofollow\">alquilar un coche<\/a> en diferentes pa\u00edses es sencillo. S\u00f3lo tiene que utilizar la p\u00e1gina web de RentCarEasy, introducir el lugar y las fechas necesarias, y nosotros compararemos todas las opciones disponibles. Seleccione la mejor y proceda con la reserva. Adem\u00e1s, aseg\u00farese de que dispone <a href=\"https:\/\/es.wikipedia.org\/wiki\/Autorizaci%C3%B3n_para_la_conducci%C3%B3n_de_veh%C3%ADculos\" target=\"_blank\" rel=\"noreferrer noopener nofollow\">de todos los documentos necesarios<\/a> y de una tarjeta de cr\u00e9dito. Tambi\u00e9n debe elegir siempre una empresa de alquiler de coches de confianza, est\u00e9 donde est\u00e9. <strong>RentCarEasy puede ayudarle con esto, ya que todos nuestros socios son fiables y de confianza.<\/strong><\/p>\n\n\n\n<blockquote class=\"wp-block-quote is-layout-flow wp-block-quote-is-layout-flow\">\n<p><em>\u201cAlquilar un coche por internet es muy f\u00e1cil. Los comparadores de precios y compa\u00f1\u00edas facilitan mucho la tarea. Seg\u00fan la encuesta de OCU, los usuarios alquilan m\u00e1s un coche durante las vacaciones de verano, y la mayor\u00eda cierra sus reservas en l\u00ednea; el 58\u202f% de los encuestados emple\u00f3 comparadores de tarifas antes de alquilar\u201d<\/em> &#8211; <a href=\"https:\/\/www.ocu.org\/consumo-familia\/viajes-vacaciones\/noticias\/coches-de-alquiler?utm_source=chatgpt.com\" target=\"_blank\" rel=\"noreferrer noopener\">OCU.org<\/a><\/p>\n<\/blockquote>\n","protected":false},"excerpt":{"rendered":"<p>Alquiler de coches baratos Si viaja por el mundo y necesita un alquiler coche c\u00f3modo y fiable, es importante conocer las opciones asequibles en diferentes pa\u00edses, ciudades y regiones. RentCarEasy ofrece una oportunidad \u00fanica para comparar millones de ofertas de varios proveedores de alquiler de coches baratos a nivel mundial, ayud\u00e1ndole a seleccionar la mejor [&hellip;]<\/p>\n","protected":false},"author":1,"featured_media":73,"parent":0,"menu_order":0,"comment_status":"closed","ping_status":"open","template":"","meta":{"_acf_changed":false,"footnotes":""},"class_list":["post-2","page","type-page","status-publish","has-post-thumbnail","hentry"],"acf":[],"yoast_head":"<!-- This site is optimized with the Yoast SEO plugin v26.8 - https:\/\/yoast.com\/product\/yoast-seo-wordpress\/ -->\n<title>Las mejores ofertas de alquiler de coches | RentCarEasy<\/title>\n<meta name=\"description\" content=\"Mejor servicio de alquiler de coches en 2026. Compare las ofertas en todo el mundo y encuentre alquileres de coches baratos de las mejores marcas!\" \/>\n<meta name=\"robots\" content=\"index, follow, max-snippet:-1, max-image-preview:large, max-video-preview:-1\" \/>\n<link rel=\"canonical\" href=\"https:\/\/rentcareasy.com\/es\/\" \/>\n<meta property=\"og:locale\" content=\"en_US\" \/>\n<meta property=\"og:type\" content=\"article\" \/>\n<meta property=\"og:title\" content=\"Las mejores ofertas de alquiler de coches | RentCarEasy\" \/>\n<meta property=\"og:description\" content=\"Mejor servicio de alquiler de coches en 2026. Compare las ofertas en todo el mundo y encuentre alquileres de coches baratos de las mejores marcas!\" \/>\n<meta property=\"og:url\" content=\"https:\/\/rentcareasy.com\/es\/\" \/>\n<meta property=\"og:site_name\" content=\"RentCarEasy (ES)\" \/>\n<meta property=\"article:modified_time\" content=\"2026-01-27T12:08:31+00:00\" \/>\n<meta property=\"og:image\" content=\"https:\/\/rentcareasy.com\/es\/wp-content\/uploads\/sites\/3\/2025\/08\/rentcareasy-main-banner.webp\" \/>\n\t<meta property=\"og:image:width\" content=\"850\" \/>\n\t<meta property=\"og:image:height\" content=\"425\" \/>\n\t<meta property=\"og:image:type\" content=\"image\/webp\" \/>\n<meta name=\"twitter:card\" content=\"summary_large_image\" \/>\n<meta name=\"twitter:label1\" content=\"Est. reading time\" \/>\n\t<meta name=\"twitter:data1\" content=\"7 minutes\" \/>\n<script type=\"application\/ld+json\" class=\"yoast-schema-graph\">{\"@context\":\"https:\/\/schema.org\",\"@graph\":[{\"@type\":\"WebPage\",\"@id\":\"https:\/\/rentcareasy.com\/es\/\",\"url\":\"https:\/\/rentcareasy.com\/es\/\",\"name\":\"Las mejores ofertas de alquiler de coches | RentCarEasy\",\"isPartOf\":{\"@id\":\"https:\/\/rentcareasy.com\/es\/#website\"},\"primaryImageOfPage\":{\"@id\":\"https:\/\/rentcareasy.com\/es\/#primaryimage\"},\"image\":{\"@id\":\"https:\/\/rentcareasy.com\/es\/#primaryimage\"},\"thumbnailUrl\":\"https:\/\/rentcareasy.com\/es\/wp-content\/uploads\/sites\/3\/2025\/08\/rentcareasy-main-banner.webp\",\"datePublished\":\"2025-04-11T09:11:11+00:00\",\"dateModified\":\"2026-01-27T12:08:31+00:00\",\"description\":\"Mejor servicio de alquiler de coches en 2026. Compare las ofertas en todo el mundo y encuentre alquileres de coches baratos de las mejores marcas!\",\"inLanguage\":\"en-US\",\"potentialAction\":[{\"@type\":\"ReadAction\",\"target\":[\"https:\/\/rentcareasy.com\/es\/\"]}]},{\"@type\":\"ImageObject\",\"inLanguage\":\"en-US\",\"@id\":\"https:\/\/rentcareasy.com\/es\/#primaryimage\",\"url\":\"https:\/\/rentcareasy.com\/es\/wp-content\/uploads\/sites\/3\/2025\/08\/rentcareasy-main-banner.webp\",\"contentUrl\":\"https:\/\/rentcareasy.com\/es\/wp-content\/uploads\/sites\/3\/2025\/08\/rentcareasy-main-banner.webp\",\"width\":850,\"height\":425,\"caption\":\"rentcareasy banner\"},{\"@type\":\"WebSite\",\"@id\":\"https:\/\/rentcareasy.com\/es\/#website\",\"url\":\"https:\/\/rentcareasy.com\/es\/\",\"name\":\"RentCarEasy (ES)\",\"description\":\"El mejor alquiler de coches\",\"publisher\":{\"@id\":\"https:\/\/rentcareasy.com\/es\/#organization\"},\"potentialAction\":[{\"@type\":\"SearchAction\",\"target\":{\"@type\":\"EntryPoint\",\"urlTemplate\":\"https:\/\/rentcareasy.com\/es\/?s={search_term_string}\"},\"query-input\":{\"@type\":\"PropertyValueSpecification\",\"valueRequired\":true,\"valueName\":\"search_term_string\"}}],\"inLanguage\":\"en-US\"},{\"@type\":\"Organization\",\"@id\":\"https:\/\/rentcareasy.com\/es\/#organization\",\"name\":\"RentCarEasy (ES)\",\"url\":\"https:\/\/rentcareasy.com\/es\/\",\"logo\":{\"@type\":\"ImageObject\",\"inLanguage\":\"en-US\",\"@id\":\"https:\/\/rentcareasy.com\/es\/#\/schema\/logo\/image\/\",\"url\":\"https:\/\/rentcareasy.com\/es\/wp-content\/uploads\/sites\/3\/2025\/08\/logo.svg\",\"contentUrl\":\"https:\/\/rentcareasy.com\/es\/wp-content\/uploads\/sites\/3\/2025\/08\/logo.svg\",\"caption\":\"RentCarEasy (ES)\"},\"image\":{\"@id\":\"https:\/\/rentcareasy.com\/es\/#\/schema\/logo\/image\/\"}},{\"@type\":\"Product\",\"name\":\"Mejor alquiler de coches en \",\"description\":\"Mejor alquiler de coches en . Encuentre ofertas de alquiler de coches baratos en  de las mejores marcas y disfrute de un excelente servicio.\",\"review\":{\"@type\":\"Review\",\"reviewRating\":{\"@type\":\"Rating\",\"ratingValue\":4,\"bestRating\":5},\"author\":{\"@type\":\"Author\",\"name\":\"Carlos\"}},\"aggregateRating\":{\"@type\":\"AggregateRating\",\"ratingValue\":4.5,\"reviewCount\":7}}]}<\/script>\n<!-- \/ Yoast SEO plugin. -->","yoast_head_json":{"title":"Las mejores ofertas de alquiler de coches | RentCarEasy","description":"Mejor servicio de alquiler de coches en 2026. Compare las ofertas en todo el mundo y encuentre alquileres de coches baratos de las mejores marcas!","robots":{"index":"index","follow":"follow","max-snippet":"max-snippet:-1","max-image-preview":"max-image-preview:large","max-video-preview":"max-video-preview:-1"},"canonical":"https:\/\/rentcareasy.com\/es\/","og_locale":"en_US","og_type":"article","og_title":"Las mejores ofertas de alquiler de coches | RentCarEasy","og_description":"Mejor servicio de alquiler de coches en 2026. Compare las ofertas en todo el mundo y encuentre alquileres de coches baratos de las mejores marcas!","og_url":"https:\/\/rentcareasy.com\/es\/","og_site_name":"RentCarEasy (ES)","article_modified_time":"2026-01-27T12:08:31+00:00","og_image":[{"width":850,"height":425,"url":"https:\/\/rentcareasy.com\/es\/wp-content\/uploads\/sites\/3\/2025\/08\/rentcareasy-main-banner.webp","type":"image\/webp"}],"twitter_card":"summary_large_image","twitter_misc":{"Est. reading time":"7 minutes"},"schema":{"@context":"https:\/\/schema.org","@graph":[{"@type":"WebPage","@id":"https:\/\/rentcareasy.com\/es\/","url":"https:\/\/rentcareasy.com\/es\/","name":"Las mejores ofertas de alquiler de coches | RentCarEasy","isPartOf":{"@id":"https:\/\/rentcareasy.com\/es\/#website"},"primaryImageOfPage":{"@id":"https:\/\/rentcareasy.com\/es\/#primaryimage"},"image":{"@id":"https:\/\/rentcareasy.com\/es\/#primaryimage"},"thumbnailUrl":"https:\/\/rentcareasy.com\/es\/wp-content\/uploads\/sites\/3\/2025\/08\/rentcareasy-main-banner.webp","datePublished":"2025-04-11T09:11:11+00:00","dateModified":"2026-01-27T12:08:31+00:00","description":"Mejor servicio de alquiler de coches en 2026. Compare las ofertas en todo el mundo y encuentre alquileres de coches baratos de las mejores marcas!","inLanguage":"en-US","potentialAction":[{"@type":"ReadAction","target":["https:\/\/rentcareasy.com\/es\/"]}]},{"@type":"ImageObject","inLanguage":"en-US","@id":"https:\/\/rentcareasy.com\/es\/#primaryimage","url":"https:\/\/rentcareasy.com\/es\/wp-content\/uploads\/sites\/3\/2025\/08\/rentcareasy-main-banner.webp","contentUrl":"https:\/\/rentcareasy.com\/es\/wp-content\/uploads\/sites\/3\/2025\/08\/rentcareasy-main-banner.webp","width":850,"height":425,"caption":"rentcareasy banner"},{"@type":"WebSite","@id":"https:\/\/rentcareasy.com\/es\/#website","url":"https:\/\/rentcareasy.com\/es\/","name":"RentCarEasy (ES)","description":"El mejor alquiler de coches","publisher":{"@id":"https:\/\/rentcareasy.com\/es\/#organization"},"potentialAction":[{"@type":"SearchAction","target":{"@type":"EntryPoint","urlTemplate":"https:\/\/rentcareasy.com\/es\/?s={search_term_string}"},"query-input":{"@type":"PropertyValueSpecification","valueRequired":true,"valueName":"search_term_string"}}],"inLanguage":"en-US"},{"@type":"Organization","@id":"https:\/\/rentcareasy.com\/es\/#organization","name":"RentCarEasy (ES)","url":"https:\/\/rentcareasy.com\/es\/","logo":{"@type":"ImageObject","inLanguage":"en-US","@id":"https:\/\/rentcareasy.com\/es\/#\/schema\/logo\/image\/","url":"https:\/\/rentcareasy.com\/es\/wp-content\/uploads\/sites\/3\/2025\/08\/logo.svg","contentUrl":"https:\/\/rentcareasy.com\/es\/wp-content\/uploads\/sites\/3\/2025\/08\/logo.svg","caption":"RentCarEasy (ES)"},"image":{"@id":"https:\/\/rentcareasy.com\/es\/#\/schema\/logo\/image\/"}},{"@type":"Product","name":"Mejor alquiler de coches en ","description":"Mejor alquiler de coches en . Encuentre ofertas de alquiler de coches baratos en  de las mejores marcas y disfrute de un excelente servicio.","review":{"@type":"Review","reviewRating":{"@type":"Rating","ratingValue":4,"bestRating":5},"author":{"@type":"Author","name":"Carlos"}},"aggregateRating":{"@type":"AggregateRating","ratingValue":4.5,"reviewCount":7}}]}},"_links":{"self":[{"href":"https:\/\/rentcareasy.com\/es\/wp-json\/wp\/v2\/pages\/2","targetHints":{"allow":["GET"]}}],"collection":[{"href":"https:\/\/rentcareasy.com\/es\/wp-json\/wp\/v2\/pages"}],"about":[{"href":"https:\/\/rentcareasy.com\/es\/wp-json\/wp\/v2\/types\/page"}],"author":[{"embeddable":true,"href":"https:\/\/rentcareasy.com\/es\/wp-json\/wp\/v2\/users\/1"}],"replies":[{"embeddable":true,"href":"https:\/\/rentcareasy.com\/es\/wp-json\/wp\/v2\/comments?post=2"}],"version-history":[{"count":59,"href":"https:\/\/rentcareasy.com\/es\/wp-json\/wp\/v2\/pages\/2\/revisions"}],"predecessor-version":[{"id":64127,"href":"https:\/\/rentcareasy.com\/es\/wp-json\/wp\/v2\/pages\/2\/revisions\/64127"}],"wp:featuredmedia":[{"embeddable":true,"href":"https:\/\/rentcareasy.com\/es\/wp-json\/wp\/v2\/media\/73"}],"wp:attachment":[{"href":"https:\/\/rentcareasy.com\/es\/wp-json\/wp\/v2\/media?parent=2"}],"curies":[{"name":"wp","href":"https:\/\/api.w.org\/{rel}","templated":true}]}}