{"id":64807,"date":"2026-01-27T12:11:02","date_gmt":"2026-01-27T12:11:02","guid":{"rendered":"https:\/\/rentcareasy.com\/es\/estados-unidos\/bossier-city\/base-de-la-fuerza-aerea-de-barksdale\/"},"modified":"2026-01-27T12:11:02","modified_gmt":"2026-01-27T12:11:02","slug":"base-de-la-fuerza-aerea-de-barksdale","status":"publish","type":"page","link":"https:\/\/rentcareasy.com\/es\/estados-unidos\/bossier-city\/base-de-la-fuerza-aerea-de-barksdale\/","title":{"rendered":"Base de la Fuerza A\u00e9rea de Barksdale"},"content":{"rendered":"","protected":false},"excerpt":{"rendered":"","protected":false},"author":1,"featured_media":0,"parent":46877,"menu_order":684,"comment_status":"closed","ping_status":"closed","template":"","meta":{"_acf_changed":false,"footnotes":""},"class_list":["post-64807","page","type-page","status-publish","hentry"],"acf":[],"yoast_head":"<!-- This site is optimized with the Yoast SEO plugin v26.8 - https:\/\/yoast.com\/product\/yoast-seo-wordpress\/ -->\n<title>Alquiler de coches en Base de la Fuerza A\u00e9rea de Barksdale (2026) | RentCarEasy<\/title>\n<meta name=\"description\" content=\"Alquiler de coches baratos en Base de la Fuerza A\u00e9rea de Barksdale, Bossier City, Estados Unidos en 2026. Viaja con total tranquilidad - tu veh\u00edculo te espera en el Barksdale Air Force Base.\" \/>\n<meta name=\"robots\" content=\"index, follow, max-snippet:-1, max-image-preview:large, max-video-preview:-1\" \/>\n<link rel=\"canonical\" href=\"https:\/\/rentcareasy.com\/es\/estados-unidos\/bossier-city\/base-de-la-fuerza-aerea-de-barksdale\/\" \/>\n<meta property=\"og:locale\" content=\"en_US\" \/>\n<meta property=\"og:type\" content=\"article\" \/>\n<meta property=\"og:title\" content=\"Alquiler de coches en Base de la Fuerza A\u00e9rea de Barksdale (2026) | RentCarEasy\" \/>\n<meta property=\"og:description\" content=\"Alquiler de coches baratos en Base de la Fuerza A\u00e9rea de Barksdale, Bossier City, Estados Unidos en 2026. Viaja con total tranquilidad - tu veh\u00edculo te espera en el Barksdale Air Force Base.\" \/>\n<meta property=\"og:url\" content=\"https:\/\/rentcareasy.com\/es\/estados-unidos\/bossier-city\/base-de-la-fuerza-aerea-de-barksdale\/\" \/>\n<meta property=\"og:site_name\" content=\"RentCarEasy (ES)\" \/>\n<meta property=\"og:image\" content=\"https:\/\/rentcareasy.com\/es\/wp-content\/uploads\/sites\/3\/2025\/05\/airport-bg-2.webp\" \/>\n\t<meta property=\"og:image:width\" content=\"1280\" \/>\n\t<meta property=\"og:image:height\" content=\"853\" \/>\n\t<meta property=\"og:image:type\" content=\"image\/webp\" \/>\n<meta name=\"twitter:card\" content=\"summary_large_image\" \/>\n<script type=\"application\/ld+json\" class=\"yoast-schema-graph\">{\"@context\":\"https:\/\/schema.org\",\"@graph\":[{\"@type\":\"WebPage\",\"@id\":\"https:\/\/rentcareasy.com\/es\/estados-unidos\/bossier-city\/base-de-la-fuerza-aerea-de-barksdale\/\",\"url\":\"https:\/\/rentcareasy.com\/es\/estados-unidos\/bossier-city\/base-de-la-fuerza-aerea-de-barksdale\/\",\"name\":\"Alquiler de coches en Base de la Fuerza A\u00e9rea de Barksdale (2026) | RentCarEasy\",\"isPartOf\":{\"@id\":\"https:\/\/rentcareasy.com\/es\/#website\"},\"datePublished\":\"2026-01-27T12:11:02+00:00\",\"breadcrumb\":{\"@id\":\"https:\/\/rentcareasy.com\/es\/estados-unidos\/bossier-city\/base-de-la-fuerza-aerea-de-barksdale\/#breadcrumb\"},\"inLanguage\":\"en-US\",\"potentialAction\":[{\"@type\":\"ReadAction\",\"target\":[\"https:\/\/rentcareasy.com\/es\/estados-unidos\/bossier-city\/base-de-la-fuerza-aerea-de-barksdale\/\"]}],\"description\":\"Alquiler de coches baratos en Base de la Fuerza A\u00e9rea de Barksdale, Bossier City, Estados Unidos en 2026. Viaja con total tranquilidad - tu veh\u00edculo te espera en el Barksdale Air Force Base.\"},{\"@type\":\"BreadcrumbList\",\"@id\":\"https:\/\/rentcareasy.com\/es\/estados-unidos\/bossier-city\/base-de-la-fuerza-aerea-de-barksdale\/#breadcrumb\",\"itemListElement\":[{\"@type\":\"ListItem\",\"position\":1,\"name\":\"Inicio\",\"item\":\"https:\/\/rentcareasy.com\/es\/\"},{\"@type\":\"ListItem\",\"position\":2,\"name\":\"Estados Unidos\",\"item\":\"https:\/\/rentcareasy.com\/es\/estados-unidos\/\"},{\"@type\":\"ListItem\",\"position\":3,\"name\":\"Bossier City\",\"item\":\"https:\/\/rentcareasy.com\/es\/estados-unidos\/bossier-city\/\"},{\"@type\":\"ListItem\",\"position\":4,\"name\":\"Base de la Fuerza A\u00e9rea de Barksdale\"}]},{\"@type\":\"WebSite\",\"@id\":\"https:\/\/rentcareasy.com\/es\/#website\",\"url\":\"https:\/\/rentcareasy.com\/es\/\",\"name\":\"RentCarEasy (ES)\",\"description\":\"El mejor alquiler de coches\",\"publisher\":{\"@id\":\"https:\/\/rentcareasy.com\/es\/#organization\"},\"potentialAction\":[{\"@type\":\"SearchAction\",\"target\":{\"@type\":\"EntryPoint\",\"urlTemplate\":\"https:\/\/rentcareasy.com\/es\/?s={search_term_string}\"},\"query-input\":{\"@type\":\"PropertyValueSpecification\",\"valueRequired\":true,\"valueName\":\"search_term_string\"}}],\"inLanguage\":\"en-US\"},{\"@type\":\"Organization\",\"@id\":\"https:\/\/rentcareasy.com\/es\/#organization\",\"name\":\"RentCarEasy (ES)\",\"url\":\"https:\/\/rentcareasy.com\/es\/\",\"logo\":{\"@type\":\"ImageObject\",\"inLanguage\":\"en-US\",\"@id\":\"https:\/\/rentcareasy.com\/es\/#\/schema\/logo\/image\/\",\"url\":\"https:\/\/rentcareasy.com\/es\/wp-content\/uploads\/sites\/3\/2025\/08\/logo.svg\",\"contentUrl\":\"https:\/\/rentcareasy.com\/es\/wp-content\/uploads\/sites\/3\/2025\/08\/logo.svg\",\"caption\":\"RentCarEasy (ES)\"},\"image\":{\"@id\":\"https:\/\/rentcareasy.com\/es\/#\/schema\/logo\/image\/\"}},{\"@type\":\"Product\",\"name\":\"Mejor alquiler de coches en Base de la Fuerza A\u00e9rea de Barksdale\",\"description\":\"Mejor alquiler de coches en Base de la Fuerza A\u00e9rea de Barksdale. Encuentre ofertas de alquiler de coches baratos en Base de la Fuerza A\u00e9rea de Barksdale de las mejores marcas y disfrute de un excelente servicio.\",\"review\":{\"@type\":\"Review\",\"reviewRating\":{\"@type\":\"Rating\",\"ratingValue\":4,\"bestRating\":5},\"author\":{\"@type\":\"Author\",\"name\":\"Carlos\"}},\"aggregateRating\":{\"@type\":\"AggregateRating\",\"ratingValue\":4.6,\"reviewCount\":6}}]}<\/script>\n<!-- \/ Yoast SEO plugin. -->","yoast_head_json":{"title":"Alquiler de coches en Base de la Fuerza A\u00e9rea de Barksdale (2026) | RentCarEasy","description":"Alquiler de coches baratos en Base de la Fuerza A\u00e9rea de Barksdale, Bossier City, Estados Unidos en 2026. Viaja con total tranquilidad - tu veh\u00edculo te espera en el Barksdale Air Force Base.","robots":{"index":"index","follow":"follow","max-snippet":"max-snippet:-1","max-image-preview":"max-image-preview:large","max-video-preview":"max-video-preview:-1"},"canonical":"https:\/\/rentcareasy.com\/es\/estados-unidos\/bossier-city\/base-de-la-fuerza-aerea-de-barksdale\/","og_locale":"en_US","og_type":"article","og_title":"Alquiler de coches en Base de la Fuerza A\u00e9rea de Barksdale (2026) | RentCarEasy","og_description":"Alquiler de coches baratos en Base de la Fuerza A\u00e9rea de Barksdale, Bossier City, Estados Unidos en 2026. Viaja con total tranquilidad - tu veh\u00edculo te espera en el Barksdale Air Force Base.","og_url":"https:\/\/rentcareasy.com\/es\/estados-unidos\/bossier-city\/base-de-la-fuerza-aerea-de-barksdale\/","og_site_name":"RentCarEasy (ES)","og_image":[{"width":1280,"height":853,"url":"https:\/\/rentcareasy.com\/es\/wp-content\/uploads\/sites\/3\/2025\/05\/airport-bg-2.webp","type":"image\/webp"}],"twitter_card":"summary_large_image","schema":{"@context":"https:\/\/schema.org","@graph":[{"@type":"WebPage","@id":"https:\/\/rentcareasy.com\/es\/estados-unidos\/bossier-city\/base-de-la-fuerza-aerea-de-barksdale\/","url":"https:\/\/rentcareasy.com\/es\/estados-unidos\/bossier-city\/base-de-la-fuerza-aerea-de-barksdale\/","name":"Alquiler de coches en Base de la Fuerza A\u00e9rea de Barksdale (2026) | RentCarEasy","isPartOf":{"@id":"https:\/\/rentcareasy.com\/es\/#website"},"datePublished":"2026-01-27T12:11:02+00:00","breadcrumb":{"@id":"https:\/\/rentcareasy.com\/es\/estados-unidos\/bossier-city\/base-de-la-fuerza-aerea-de-barksdale\/#breadcrumb"},"inLanguage":"en-US","potentialAction":[{"@type":"ReadAction","target":["https:\/\/rentcareasy.com\/es\/estados-unidos\/bossier-city\/base-de-la-fuerza-aerea-de-barksdale\/"]}],"description":"Alquiler de coches baratos en Base de la Fuerza A\u00e9rea de Barksdale, Bossier City, Estados Unidos en 2026. Viaja con total tranquilidad - tu veh\u00edculo te espera en el Barksdale Air Force Base."},{"@type":"BreadcrumbList","@id":"https:\/\/rentcareasy.com\/es\/estados-unidos\/bossier-city\/base-de-la-fuerza-aerea-de-barksdale\/#breadcrumb","itemListElement":[{"@type":"ListItem","position":1,"name":"Inicio","item":"https:\/\/rentcareasy.com\/es\/"},{"@type":"ListItem","position":2,"name":"Estados Unidos","item":"https:\/\/rentcareasy.com\/es\/estados-unidos\/"},{"@type":"ListItem","position":3,"name":"Bossier City","item":"https:\/\/rentcareasy.com\/es\/estados-unidos\/bossier-city\/"},{"@type":"ListItem","position":4,"name":"Base de la Fuerza A\u00e9rea de Barksdale"}]},{"@type":"WebSite","@id":"https:\/\/rentcareasy.com\/es\/#website","url":"https:\/\/rentcareasy.com\/es\/","name":"RentCarEasy (ES)","description":"El mejor alquiler de coches","publisher":{"@id":"https:\/\/rentcareasy.com\/es\/#organization"},"potentialAction":[{"@type":"SearchAction","target":{"@type":"EntryPoint","urlTemplate":"https:\/\/rentcareasy.com\/es\/?s={search_term_string}"},"query-input":{"@type":"PropertyValueSpecification","valueRequired":true,"valueName":"search_term_string"}}],"inLanguage":"en-US"},{"@type":"Organization","@id":"https:\/\/rentcareasy.com\/es\/#organization","name":"RentCarEasy (ES)","url":"https:\/\/rentcareasy.com\/es\/","logo":{"@type":"ImageObject","inLanguage":"en-US","@id":"https:\/\/rentcareasy.com\/es\/#\/schema\/logo\/image\/","url":"https:\/\/rentcareasy.com\/es\/wp-content\/uploads\/sites\/3\/2025\/08\/logo.svg","contentUrl":"https:\/\/rentcareasy.com\/es\/wp-content\/uploads\/sites\/3\/2025\/08\/logo.svg","caption":"RentCarEasy (ES)"},"image":{"@id":"https:\/\/rentcareasy.com\/es\/#\/schema\/logo\/image\/"}},{"@type":"Product","name":"Mejor alquiler de coches en Base de la Fuerza A\u00e9rea de Barksdale","description":"Mejor alquiler de coches en Base de la Fuerza A\u00e9rea de Barksdale. Encuentre ofertas de alquiler de coches baratos en Base de la Fuerza A\u00e9rea de Barksdale de las mejores marcas y disfrute de un excelente servicio.","review":{"@type":"Review","reviewRating":{"@type":"Rating","ratingValue":4,"bestRating":5},"author":{"@type":"Author","name":"Carlos"}},"aggregateRating":{"@type":"AggregateRating","ratingValue":4.6,"reviewCount":6}}]}},"_links":{"self":[{"href":"https:\/\/rentcareasy.com\/es\/wp-json\/wp\/v2\/pages\/64807","targetHints":{"allow":["GET"]}}],"collection":[{"href":"https:\/\/rentcareasy.com\/es\/wp-json\/wp\/v2\/pages"}],"about":[{"href":"https:\/\/rentcareasy.com\/es\/wp-json\/wp\/v2\/types\/page"}],"author":[{"embeddable":true,"href":"https:\/\/rentcareasy.com\/es\/wp-json\/wp\/v2\/users\/1"}],"replies":[{"embeddable":true,"href":"https:\/\/rentcareasy.com\/es\/wp-json\/wp\/v2\/comments?post=64807"}],"version-history":[{"count":0,"href":"https:\/\/rentcareasy.com\/es\/wp-json\/wp\/v2\/pages\/64807\/revisions"}],"up":[{"embeddable":true,"href":"https:\/\/rentcareasy.com\/es\/wp-json\/wp\/v2\/pages\/46877"}],"wp:attachment":[{"href":"https:\/\/rentcareasy.com\/es\/wp-json\/wp\/v2\/media?parent=64807"}],"curies":[{"name":"wp","href":"https:\/\/api.w.org\/{rel}","templated":true}]}}