{"id":65530,"date":"2026-01-27T12:11:53","date_gmt":"2026-01-27T12:11:53","guid":{"rendered":"https:\/\/rentcareasy.com\/es\/mexico\/aguascalientes\/aeropuerto-internacional-jesus-teran-peredo\/"},"modified":"2026-01-27T12:11:53","modified_gmt":"2026-01-27T12:11:53","slug":"aeropuerto-internacional-jesus-teran-peredo","status":"publish","type":"page","link":"https:\/\/rentcareasy.com\/es\/mexico\/aguascalientes\/aeropuerto-internacional-jesus-teran-peredo\/","title":{"rendered":"Aeropuerto Internacional Jes\u00fas Ter\u00e1n Peredo"},"content":{"rendered":"","protected":false},"excerpt":{"rendered":"","protected":false},"author":1,"featured_media":0,"parent":20429,"menu_order":1407,"comment_status":"closed","ping_status":"closed","template":"","meta":{"_acf_changed":false,"footnotes":""},"class_list":["post-65530","page","type-page","status-publish","hentry"],"acf":[],"yoast_head":"<!-- This site is optimized with the Yoast SEO plugin v26.8 - https:\/\/yoast.com\/product\/yoast-seo-wordpress\/ -->\n<title>Alquiler de coches en Aeropuerto Internacional Jes\u00fas Ter\u00e1n Peredo (2026) | RentCarEasy<\/title>\n<meta name=\"description\" content=\"Alquiler de coches baratos en Aeropuerto Internacional Jes\u00fas Ter\u00e1n Peredo, Aguascalientes, M\u00e9xico en 2026. Viaja con total tranquilidad - tu veh\u00edculo te espera en el Aeropuerto Internacional Jes\u00fas Ter\u00e1n Peredo.\" \/>\n<meta name=\"robots\" content=\"index, follow, max-snippet:-1, max-image-preview:large, max-video-preview:-1\" \/>\n<link rel=\"canonical\" href=\"https:\/\/rentcareasy.com\/es\/mexico\/aguascalientes\/aeropuerto-internacional-jesus-teran-peredo\/\" \/>\n<meta property=\"og:locale\" content=\"en_US\" \/>\n<meta property=\"og:type\" content=\"article\" \/>\n<meta property=\"og:title\" content=\"Alquiler de coches en Aeropuerto Internacional Jes\u00fas Ter\u00e1n Peredo (2026) | RentCarEasy\" \/>\n<meta property=\"og:description\" content=\"Alquiler de coches baratos en Aeropuerto Internacional Jes\u00fas Ter\u00e1n Peredo, Aguascalientes, M\u00e9xico en 2026. Viaja con total tranquilidad - tu veh\u00edculo te espera en el Aeropuerto Internacional Jes\u00fas Ter\u00e1n Peredo.\" \/>\n<meta property=\"og:url\" content=\"https:\/\/rentcareasy.com\/es\/mexico\/aguascalientes\/aeropuerto-internacional-jesus-teran-peredo\/\" \/>\n<meta property=\"og:site_name\" content=\"RentCarEasy (ES)\" \/>\n<meta property=\"og:image\" content=\"https:\/\/rentcareasy.com\/es\/wp-content\/uploads\/sites\/3\/2025\/05\/airport-bg-2.webp\" \/>\n\t<meta property=\"og:image:width\" content=\"1280\" \/>\n\t<meta property=\"og:image:height\" content=\"853\" \/>\n\t<meta property=\"og:image:type\" content=\"image\/webp\" \/>\n<meta name=\"twitter:card\" content=\"summary_large_image\" \/>\n<script type=\"application\/ld+json\" class=\"yoast-schema-graph\">{\"@context\":\"https:\/\/schema.org\",\"@graph\":[{\"@type\":\"WebPage\",\"@id\":\"https:\/\/rentcareasy.com\/es\/mexico\/aguascalientes\/aeropuerto-internacional-jesus-teran-peredo\/\",\"url\":\"https:\/\/rentcareasy.com\/es\/mexico\/aguascalientes\/aeropuerto-internacional-jesus-teran-peredo\/\",\"name\":\"Alquiler de coches en Aeropuerto Internacional Jes\u00fas Ter\u00e1n Peredo (2026) | RentCarEasy\",\"isPartOf\":{\"@id\":\"https:\/\/rentcareasy.com\/es\/#website\"},\"datePublished\":\"2026-01-27T12:11:53+00:00\",\"breadcrumb\":{\"@id\":\"https:\/\/rentcareasy.com\/es\/mexico\/aguascalientes\/aeropuerto-internacional-jesus-teran-peredo\/#breadcrumb\"},\"inLanguage\":\"en-US\",\"potentialAction\":[{\"@type\":\"ReadAction\",\"target\":[\"https:\/\/rentcareasy.com\/es\/mexico\/aguascalientes\/aeropuerto-internacional-jesus-teran-peredo\/\"]}],\"description\":\"Alquiler de coches baratos en Aeropuerto Internacional Jes\u00fas Ter\u00e1n Peredo, Aguascalientes, M\u00e9xico en 2026. Viaja con total tranquilidad - tu veh\u00edculo te espera en el Aeropuerto Internacional Jes\u00fas Ter\u00e1n Peredo.\"},{\"@type\":\"BreadcrumbList\",\"@id\":\"https:\/\/rentcareasy.com\/es\/mexico\/aguascalientes\/aeropuerto-internacional-jesus-teran-peredo\/#breadcrumb\",\"itemListElement\":[{\"@type\":\"ListItem\",\"position\":1,\"name\":\"Inicio\",\"item\":\"https:\/\/rentcareasy.com\/es\/\"},{\"@type\":\"ListItem\",\"position\":2,\"name\":\"M\u00e9xico\",\"item\":\"https:\/\/rentcareasy.com\/es\/mexico\/\"},{\"@type\":\"ListItem\",\"position\":3,\"name\":\"Aguascalientes\",\"item\":\"https:\/\/rentcareasy.com\/es\/mexico\/aguascalientes\/\"},{\"@type\":\"ListItem\",\"position\":4,\"name\":\"Aeropuerto Internacional Jes\u00fas Ter\u00e1n Peredo\"}]},{\"@type\":\"WebSite\",\"@id\":\"https:\/\/rentcareasy.com\/es\/#website\",\"url\":\"https:\/\/rentcareasy.com\/es\/\",\"name\":\"RentCarEasy (ES)\",\"description\":\"El mejor alquiler de coches\",\"publisher\":{\"@id\":\"https:\/\/rentcareasy.com\/es\/#organization\"},\"potentialAction\":[{\"@type\":\"SearchAction\",\"target\":{\"@type\":\"EntryPoint\",\"urlTemplate\":\"https:\/\/rentcareasy.com\/es\/?s={search_term_string}\"},\"query-input\":{\"@type\":\"PropertyValueSpecification\",\"valueRequired\":true,\"valueName\":\"search_term_string\"}}],\"inLanguage\":\"en-US\"},{\"@type\":\"Organization\",\"@id\":\"https:\/\/rentcareasy.com\/es\/#organization\",\"name\":\"RentCarEasy (ES)\",\"url\":\"https:\/\/rentcareasy.com\/es\/\",\"logo\":{\"@type\":\"ImageObject\",\"inLanguage\":\"en-US\",\"@id\":\"https:\/\/rentcareasy.com\/es\/#\/schema\/logo\/image\/\",\"url\":\"https:\/\/rentcareasy.com\/es\/wp-content\/uploads\/sites\/3\/2025\/08\/logo.svg\",\"contentUrl\":\"https:\/\/rentcareasy.com\/es\/wp-content\/uploads\/sites\/3\/2025\/08\/logo.svg\",\"caption\":\"RentCarEasy (ES)\"},\"image\":{\"@id\":\"https:\/\/rentcareasy.com\/es\/#\/schema\/logo\/image\/\"}},{\"@type\":\"Product\",\"name\":\"Mejor alquiler de coches en Aeropuerto Internacional Jes\u00fas Ter\u00e1n Peredo\",\"description\":\"Mejor alquiler de coches en Aeropuerto Internacional Jes\u00fas Ter\u00e1n Peredo. Encuentre ofertas de alquiler de coches baratos en Aeropuerto Internacional Jes\u00fas Ter\u00e1n Peredo de las mejores marcas y disfrute de un excelente servicio.\",\"review\":{\"@type\":\"Review\",\"reviewRating\":{\"@type\":\"Rating\",\"ratingValue\":4,\"bestRating\":5},\"author\":{\"@type\":\"Author\",\"name\":\"Carlos\"}},\"aggregateRating\":{\"@type\":\"AggregateRating\",\"ratingValue\":4.8,\"reviewCount\":9}}]}<\/script>\n<!-- \/ Yoast SEO plugin. -->","yoast_head_json":{"title":"Alquiler de coches en Aeropuerto Internacional Jes\u00fas Ter\u00e1n Peredo (2026) | RentCarEasy","description":"Alquiler de coches baratos en Aeropuerto Internacional Jes\u00fas Ter\u00e1n Peredo, Aguascalientes, M\u00e9xico en 2026. Viaja con total tranquilidad - tu veh\u00edculo te espera en el Aeropuerto Internacional Jes\u00fas Ter\u00e1n Peredo.","robots":{"index":"index","follow":"follow","max-snippet":"max-snippet:-1","max-image-preview":"max-image-preview:large","max-video-preview":"max-video-preview:-1"},"canonical":"https:\/\/rentcareasy.com\/es\/mexico\/aguascalientes\/aeropuerto-internacional-jesus-teran-peredo\/","og_locale":"en_US","og_type":"article","og_title":"Alquiler de coches en Aeropuerto Internacional Jes\u00fas Ter\u00e1n Peredo (2026) | RentCarEasy","og_description":"Alquiler de coches baratos en Aeropuerto Internacional Jes\u00fas Ter\u00e1n Peredo, Aguascalientes, M\u00e9xico en 2026. Viaja con total tranquilidad - tu veh\u00edculo te espera en el Aeropuerto Internacional Jes\u00fas Ter\u00e1n Peredo.","og_url":"https:\/\/rentcareasy.com\/es\/mexico\/aguascalientes\/aeropuerto-internacional-jesus-teran-peredo\/","og_site_name":"RentCarEasy (ES)","og_image":[{"width":1280,"height":853,"url":"https:\/\/rentcareasy.com\/es\/wp-content\/uploads\/sites\/3\/2025\/05\/airport-bg-2.webp","type":"image\/webp"}],"twitter_card":"summary_large_image","schema":{"@context":"https:\/\/schema.org","@graph":[{"@type":"WebPage","@id":"https:\/\/rentcareasy.com\/es\/mexico\/aguascalientes\/aeropuerto-internacional-jesus-teran-peredo\/","url":"https:\/\/rentcareasy.com\/es\/mexico\/aguascalientes\/aeropuerto-internacional-jesus-teran-peredo\/","name":"Alquiler de coches en Aeropuerto Internacional Jes\u00fas Ter\u00e1n Peredo (2026) | RentCarEasy","isPartOf":{"@id":"https:\/\/rentcareasy.com\/es\/#website"},"datePublished":"2026-01-27T12:11:53+00:00","breadcrumb":{"@id":"https:\/\/rentcareasy.com\/es\/mexico\/aguascalientes\/aeropuerto-internacional-jesus-teran-peredo\/#breadcrumb"},"inLanguage":"en-US","potentialAction":[{"@type":"ReadAction","target":["https:\/\/rentcareasy.com\/es\/mexico\/aguascalientes\/aeropuerto-internacional-jesus-teran-peredo\/"]}],"description":"Alquiler de coches baratos en Aeropuerto Internacional Jes\u00fas Ter\u00e1n Peredo, Aguascalientes, M\u00e9xico en 2026. Viaja con total tranquilidad - tu veh\u00edculo te espera en el Aeropuerto Internacional Jes\u00fas Ter\u00e1n Peredo."},{"@type":"BreadcrumbList","@id":"https:\/\/rentcareasy.com\/es\/mexico\/aguascalientes\/aeropuerto-internacional-jesus-teran-peredo\/#breadcrumb","itemListElement":[{"@type":"ListItem","position":1,"name":"Inicio","item":"https:\/\/rentcareasy.com\/es\/"},{"@type":"ListItem","position":2,"name":"M\u00e9xico","item":"https:\/\/rentcareasy.com\/es\/mexico\/"},{"@type":"ListItem","position":3,"name":"Aguascalientes","item":"https:\/\/rentcareasy.com\/es\/mexico\/aguascalientes\/"},{"@type":"ListItem","position":4,"name":"Aeropuerto Internacional Jes\u00fas Ter\u00e1n Peredo"}]},{"@type":"WebSite","@id":"https:\/\/rentcareasy.com\/es\/#website","url":"https:\/\/rentcareasy.com\/es\/","name":"RentCarEasy (ES)","description":"El mejor alquiler de coches","publisher":{"@id":"https:\/\/rentcareasy.com\/es\/#organization"},"potentialAction":[{"@type":"SearchAction","target":{"@type":"EntryPoint","urlTemplate":"https:\/\/rentcareasy.com\/es\/?s={search_term_string}"},"query-input":{"@type":"PropertyValueSpecification","valueRequired":true,"valueName":"search_term_string"}}],"inLanguage":"en-US"},{"@type":"Organization","@id":"https:\/\/rentcareasy.com\/es\/#organization","name":"RentCarEasy (ES)","url":"https:\/\/rentcareasy.com\/es\/","logo":{"@type":"ImageObject","inLanguage":"en-US","@id":"https:\/\/rentcareasy.com\/es\/#\/schema\/logo\/image\/","url":"https:\/\/rentcareasy.com\/es\/wp-content\/uploads\/sites\/3\/2025\/08\/logo.svg","contentUrl":"https:\/\/rentcareasy.com\/es\/wp-content\/uploads\/sites\/3\/2025\/08\/logo.svg","caption":"RentCarEasy (ES)"},"image":{"@id":"https:\/\/rentcareasy.com\/es\/#\/schema\/logo\/image\/"}},{"@type":"Product","name":"Mejor alquiler de coches en Aeropuerto Internacional Jes\u00fas Ter\u00e1n Peredo","description":"Mejor alquiler de coches en Aeropuerto Internacional Jes\u00fas Ter\u00e1n Peredo. Encuentre ofertas de alquiler de coches baratos en Aeropuerto Internacional Jes\u00fas Ter\u00e1n Peredo de las mejores marcas y disfrute de un excelente servicio.","review":{"@type":"Review","reviewRating":{"@type":"Rating","ratingValue":4,"bestRating":5},"author":{"@type":"Author","name":"Carlos"}},"aggregateRating":{"@type":"AggregateRating","ratingValue":4.8,"reviewCount":9}}]}},"_links":{"self":[{"href":"https:\/\/rentcareasy.com\/es\/wp-json\/wp\/v2\/pages\/65530","targetHints":{"allow":["GET"]}}],"collection":[{"href":"https:\/\/rentcareasy.com\/es\/wp-json\/wp\/v2\/pages"}],"about":[{"href":"https:\/\/rentcareasy.com\/es\/wp-json\/wp\/v2\/types\/page"}],"author":[{"embeddable":true,"href":"https:\/\/rentcareasy.com\/es\/wp-json\/wp\/v2\/users\/1"}],"replies":[{"embeddable":true,"href":"https:\/\/rentcareasy.com\/es\/wp-json\/wp\/v2\/comments?post=65530"}],"version-history":[{"count":0,"href":"https:\/\/rentcareasy.com\/es\/wp-json\/wp\/v2\/pages\/65530\/revisions"}],"up":[{"embeddable":true,"href":"https:\/\/rentcareasy.com\/es\/wp-json\/wp\/v2\/pages\/20429"}],"wp:attachment":[{"href":"https:\/\/rentcareasy.com\/es\/wp-json\/wp\/v2\/media?parent=65530"}],"curies":[{"name":"wp","href":"https:\/\/api.w.org\/{rel}","templated":true}]}}