{"id":19427,"date":"2026-04-02T07:42:40","date_gmt":"2026-04-02T07:42:40","guid":{"rendered":"https:\/\/rentcareasy.com\/fr\/emirats-arabes-unis\/ras-al-khaimah\/"},"modified":"2026-04-02T07:42:40","modified_gmt":"2026-04-02T07:42:40","slug":"ras-al-khaimah","status":"publish","type":"page","link":"https:\/\/rentcareasy.com\/fr\/emirats-arabes-unis\/ras-al-khaimah\/","title":{"rendered":"Ras Al Khaimah"},"content":{"rendered":"","protected":false},"excerpt":{"rendered":"","protected":false},"author":1,"featured_media":0,"parent":146,"menu_order":0,"comment_status":"closed","ping_status":"closed","template":"","meta":{"_acf_changed":false,"footnotes":""},"class_list":["post-19427","page","type-page","status-publish","hentry"],"acf":[],"yoast_head":"<!-- This site is optimized with the Yoast SEO plugin v26.8 - https:\/\/yoast.com\/product\/yoast-seo-wordpress\/ -->\n<title>Meilleure location de voiture \u00e0 Ras Al Khaimah , \u00c9mirats arabes unis en 2026 | RentCarEasy<\/title>\n<meta name=\"description\" content=\"Louez une voiture \u00e0 Ras Al Khaimah, \u00c9mirats arabes unis en 2026. Meilleurs prestataires, meilleurs tarifs garantis. R\u00e9servation facile, annulation GRATUITE !\" \/>\n<meta name=\"robots\" content=\"index, follow, max-snippet:-1, max-image-preview:large, max-video-preview:-1\" \/>\n<link rel=\"canonical\" href=\"https:\/\/rentcareasy.com\/fr\/emirats-arabes-unis\/ras-al-khaimah\/\" \/>\n<meta property=\"og:locale\" content=\"en_US\" \/>\n<meta property=\"og:type\" content=\"article\" \/>\n<meta property=\"og:title\" content=\"Meilleure location de voiture \u00e0 Ras Al Khaimah , \u00c9mirats arabes unis en 2026 | RentCarEasy\" \/>\n<meta property=\"og:description\" content=\"Louez une voiture \u00e0 Ras Al Khaimah, \u00c9mirats arabes unis en 2026. Meilleurs prestataires, meilleurs tarifs garantis. R\u00e9servation facile, annulation GRATUITE !\" \/>\n<meta property=\"og:url\" content=\"https:\/\/rentcareasy.com\/fr\/emirats-arabes-unis\/ras-al-khaimah\/\" \/>\n<meta property=\"og:site_name\" content=\"RentCarEasy (FR)\" \/>\n<meta property=\"og:image\" content=\"https:\/\/rentcareasy.com\/fr\/wp-content\/uploads\/sites\/8\/2026\/01\/rentcareasy-main-banner.webp\" \/>\n\t<meta property=\"og:image:width\" content=\"850\" \/>\n\t<meta property=\"og:image:height\" content=\"425\" \/>\n\t<meta property=\"og:image:type\" content=\"image\/webp\" \/>\n<meta name=\"twitter:card\" content=\"summary_large_image\" \/>\n<script type=\"application\/ld+json\" class=\"yoast-schema-graph\">{\"@context\":\"https:\/\/schema.org\",\"@graph\":[{\"@type\":\"WebPage\",\"@id\":\"https:\/\/rentcareasy.com\/fr\/emirats-arabes-unis\/ras-al-khaimah\/\",\"url\":\"https:\/\/rentcareasy.com\/fr\/emirats-arabes-unis\/ras-al-khaimah\/\",\"name\":\"Meilleure location de voiture \u00e0 Ras Al Khaimah , \u00c9mirats arabes unis en 2026 | RentCarEasy\",\"isPartOf\":{\"@id\":\"https:\/\/rentcareasy.com\/fr\/#website\"},\"datePublished\":\"2026-04-02T07:42:40+00:00\",\"breadcrumb\":{\"@id\":\"https:\/\/rentcareasy.com\/fr\/emirats-arabes-unis\/ras-al-khaimah\/#breadcrumb\"},\"inLanguage\":\"en-US\",\"potentialAction\":[{\"@type\":\"ReadAction\",\"target\":[\"https:\/\/rentcareasy.com\/fr\/emirats-arabes-unis\/ras-al-khaimah\/\"]}],\"description\":\"Louez une voiture \u00e0 Ras Al Khaimah, \u00c9mirats arabes unis en 2026. Meilleurs prestataires, meilleurs tarifs garantis. R\u00e9servation facile, annulation GRATUITE !\"},{\"@type\":\"BreadcrumbList\",\"@id\":\"https:\/\/rentcareasy.com\/fr\/emirats-arabes-unis\/ras-al-khaimah\/#breadcrumb\",\"itemListElement\":[{\"@type\":\"ListItem\",\"position\":1,\"name\":\"Accueil\",\"item\":\"https:\/\/rentcareasy.com\/fr\/\"},{\"@type\":\"ListItem\",\"position\":2,\"name\":\"\u00c9mirats arabes unis\",\"item\":\"https:\/\/rentcareasy.com\/fr\/emirats-arabes-unis\/\"},{\"@type\":\"ListItem\",\"position\":3,\"name\":\"Ras Al Khaimah\"}]},{\"@type\":\"WebSite\",\"@id\":\"https:\/\/rentcareasy.com\/fr\/#website\",\"url\":\"https:\/\/rentcareasy.com\/fr\/\",\"name\":\"RentCarEasy (FR)\",\"description\":\"Le meilleur comparateur de location de voitures au monde\",\"publisher\":{\"@id\":\"https:\/\/rentcareasy.com\/fr\/#organization\"},\"potentialAction\":[{\"@type\":\"SearchAction\",\"target\":{\"@type\":\"EntryPoint\",\"urlTemplate\":\"https:\/\/rentcareasy.com\/fr\/?s={search_term_string}\"},\"query-input\":{\"@type\":\"PropertyValueSpecification\",\"valueRequired\":true,\"valueName\":\"search_term_string\"}}],\"inLanguage\":\"en-US\"},{\"@type\":\"Organization\",\"@id\":\"https:\/\/rentcareasy.com\/fr\/#organization\",\"name\":\"RentCarEasy (FR)\",\"url\":\"https:\/\/rentcareasy.com\/fr\/\",\"logo\":{\"@type\":\"ImageObject\",\"inLanguage\":\"en-US\",\"@id\":\"https:\/\/rentcareasy.com\/fr\/#\/schema\/logo\/image\/\",\"url\":\"https:\/\/rentcareasy.com\/fr\/wp-content\/uploads\/sites\/8\/2026\/01\/logo.svg\",\"contentUrl\":\"https:\/\/rentcareasy.com\/fr\/wp-content\/uploads\/sites\/8\/2026\/01\/logo.svg\",\"caption\":\"RentCarEasy (FR)\"},\"image\":{\"@id\":\"https:\/\/rentcareasy.com\/fr\/#\/schema\/logo\/image\/\"}},{\"@type\":\"Product\",\"name\":\"Meilleure location de voiture \u00e0 Ras Al Khaimah\",\"description\":\"Meilleure location de voiture \u00e0 Ras Al Khaimah. Trouvez des offres de location de voitures pas ch\u00e8res \u00e0 Ras Al Khaimah aupr\u00e8s des plus grandes marques et profitez d'un service exceptionnel.\",\"review\":{\"@type\":\"Review\",\"reviewRating\":{\"@type\":\"Rating\",\"ratingValue\":4,\"bestRating\":5},\"author\":{\"@type\":\"Author\",\"name\":\"Louis\"}},\"aggregateRating\":{\"@type\":\"AggregateRating\",\"ratingValue\":4.7,\"reviewCount\":10}}]}<\/script>\n<!-- \/ Yoast SEO plugin. -->","yoast_head_json":{"title":"Meilleure location de voiture \u00e0 Ras Al Khaimah , \u00c9mirats arabes unis en 2026 | RentCarEasy","description":"Louez une voiture \u00e0 Ras Al Khaimah, \u00c9mirats arabes unis en 2026. Meilleurs prestataires, meilleurs tarifs garantis. R\u00e9servation facile, annulation GRATUITE !","robots":{"index":"index","follow":"follow","max-snippet":"max-snippet:-1","max-image-preview":"max-image-preview:large","max-video-preview":"max-video-preview:-1"},"canonical":"https:\/\/rentcareasy.com\/fr\/emirats-arabes-unis\/ras-al-khaimah\/","og_locale":"en_US","og_type":"article","og_title":"Meilleure location de voiture \u00e0 Ras Al Khaimah , \u00c9mirats arabes unis en 2026 | RentCarEasy","og_description":"Louez une voiture \u00e0 Ras Al Khaimah, \u00c9mirats arabes unis en 2026. Meilleurs prestataires, meilleurs tarifs garantis. R\u00e9servation facile, annulation GRATUITE !","og_url":"https:\/\/rentcareasy.com\/fr\/emirats-arabes-unis\/ras-al-khaimah\/","og_site_name":"RentCarEasy (FR)","og_image":[{"width":850,"height":425,"url":"https:\/\/rentcareasy.com\/fr\/wp-content\/uploads\/sites\/8\/2026\/01\/rentcareasy-main-banner.webp","type":"image\/webp"}],"twitter_card":"summary_large_image","schema":{"@context":"https:\/\/schema.org","@graph":[{"@type":"WebPage","@id":"https:\/\/rentcareasy.com\/fr\/emirats-arabes-unis\/ras-al-khaimah\/","url":"https:\/\/rentcareasy.com\/fr\/emirats-arabes-unis\/ras-al-khaimah\/","name":"Meilleure location de voiture \u00e0 Ras Al Khaimah , \u00c9mirats arabes unis en 2026 | RentCarEasy","isPartOf":{"@id":"https:\/\/rentcareasy.com\/fr\/#website"},"datePublished":"2026-04-02T07:42:40+00:00","breadcrumb":{"@id":"https:\/\/rentcareasy.com\/fr\/emirats-arabes-unis\/ras-al-khaimah\/#breadcrumb"},"inLanguage":"en-US","potentialAction":[{"@type":"ReadAction","target":["https:\/\/rentcareasy.com\/fr\/emirats-arabes-unis\/ras-al-khaimah\/"]}],"description":"Louez une voiture \u00e0 Ras Al Khaimah, \u00c9mirats arabes unis en 2026. Meilleurs prestataires, meilleurs tarifs garantis. R\u00e9servation facile, annulation GRATUITE !"},{"@type":"BreadcrumbList","@id":"https:\/\/rentcareasy.com\/fr\/emirats-arabes-unis\/ras-al-khaimah\/#breadcrumb","itemListElement":[{"@type":"ListItem","position":1,"name":"Accueil","item":"https:\/\/rentcareasy.com\/fr\/"},{"@type":"ListItem","position":2,"name":"\u00c9mirats arabes unis","item":"https:\/\/rentcareasy.com\/fr\/emirats-arabes-unis\/"},{"@type":"ListItem","position":3,"name":"Ras Al Khaimah"}]},{"@type":"WebSite","@id":"https:\/\/rentcareasy.com\/fr\/#website","url":"https:\/\/rentcareasy.com\/fr\/","name":"RentCarEasy (FR)","description":"Le meilleur comparateur de location de voitures au monde","publisher":{"@id":"https:\/\/rentcareasy.com\/fr\/#organization"},"potentialAction":[{"@type":"SearchAction","target":{"@type":"EntryPoint","urlTemplate":"https:\/\/rentcareasy.com\/fr\/?s={search_term_string}"},"query-input":{"@type":"PropertyValueSpecification","valueRequired":true,"valueName":"search_term_string"}}],"inLanguage":"en-US"},{"@type":"Organization","@id":"https:\/\/rentcareasy.com\/fr\/#organization","name":"RentCarEasy (FR)","url":"https:\/\/rentcareasy.com\/fr\/","logo":{"@type":"ImageObject","inLanguage":"en-US","@id":"https:\/\/rentcareasy.com\/fr\/#\/schema\/logo\/image\/","url":"https:\/\/rentcareasy.com\/fr\/wp-content\/uploads\/sites\/8\/2026\/01\/logo.svg","contentUrl":"https:\/\/rentcareasy.com\/fr\/wp-content\/uploads\/sites\/8\/2026\/01\/logo.svg","caption":"RentCarEasy (FR)"},"image":{"@id":"https:\/\/rentcareasy.com\/fr\/#\/schema\/logo\/image\/"}},{"@type":"Product","name":"Meilleure location de voiture \u00e0 Ras Al Khaimah","description":"Meilleure location de voiture \u00e0 Ras Al Khaimah. Trouvez des offres de location de voitures pas ch\u00e8res \u00e0 Ras Al Khaimah aupr\u00e8s des plus grandes marques et profitez d'un service exceptionnel.","review":{"@type":"Review","reviewRating":{"@type":"Rating","ratingValue":4,"bestRating":5},"author":{"@type":"Author","name":"Louis"}},"aggregateRating":{"@type":"AggregateRating","ratingValue":4.7,"reviewCount":10}}]}},"_links":{"self":[{"href":"https:\/\/rentcareasy.com\/fr\/wp-json\/wp\/v2\/pages\/19427","targetHints":{"allow":["GET"]}}],"collection":[{"href":"https:\/\/rentcareasy.com\/fr\/wp-json\/wp\/v2\/pages"}],"about":[{"href":"https:\/\/rentcareasy.com\/fr\/wp-json\/wp\/v2\/types\/page"}],"author":[{"embeddable":true,"href":"https:\/\/rentcareasy.com\/fr\/wp-json\/wp\/v2\/users\/1"}],"replies":[{"embeddable":true,"href":"https:\/\/rentcareasy.com\/fr\/wp-json\/wp\/v2\/comments?post=19427"}],"version-history":[{"count":0,"href":"https:\/\/rentcareasy.com\/fr\/wp-json\/wp\/v2\/pages\/19427\/revisions"}],"up":[{"embeddable":true,"href":"https:\/\/rentcareasy.com\/fr\/wp-json\/wp\/v2\/pages\/146"}],"wp:attachment":[{"href":"https:\/\/rentcareasy.com\/fr\/wp-json\/wp\/v2\/media?parent=19427"}],"curies":[{"name":"wp","href":"https:\/\/api.w.org\/{rel}","templated":true}]}}